{"id":5157,"date":"2026-01-09T00:09:09","date_gmt":"2026-01-08T17:09:09","guid":{"rendered":"https:\/\/supo-tech.com\/dich-vu\/"},"modified":"2026-01-25T15:49:53","modified_gmt":"2026-01-25T08:49:53","slug":"solutions","status":"publish","type":"page","link":"https:\/\/supo-tech.com\/vi\/solutions\/","title":{"rendered":"Gi\u1ea3i ph\u00e1p"},"content":{"rendered":"\t\t<div data-elementor-type=\"wp-page\" data-elementor-id=\"5157\" class=\"elementor elementor-5157 elementor-4867\" data-elementor-post-type=\"page\">\n\t\t\t\t<div class=\"elementor-element elementor-element-325d03f e-con-full pt-0 e-flex e-con e-parent\" data-id=\"325d03f\" data-element_type=\"container\" data-e-type=\"container\">\n\t\t\t\t<div class=\"elementor-element elementor-element-6f0c832 elementor-widget elementor-widget-homeprocess\" data-id=\"6f0c832\" data-element_type=\"widget\" data-e-type=\"widget\" data-widget_type=\"homeprocess.default\">\n\t\t\t\t<div class=\"elementor-widget-container\">\n\t\t\t\t\t\n<!-- Start How To Use -->\n<section class=\"s-how-to-use tf-spacing-1\">\n    <div class=\"tf-container\">\n        <div class=\"row\">\n            <div class=\"col-xxl-12\">\n                                <div class=\"s-heading style-2 mb-96\">\n                    <div class=\"s-sub-title justify-center \">\n                        <img decoding=\"async\" src=\"https:\/\/wpriverthemes.com\/nexux\/wp-content\/themes\/nexux\/icons\/sub-title-left.svg\" alt=\"subtitle\"><p>X\u00e2y d\u1ef1ng \u1ee9ng d\u1ee5ng<\/p><img decoding=\"async\" src=\"https:\/\/wpriverthemes.com\/nexux\/wp-content\/themes\/nexux\/icons\/sub-title-right.svg\" alt=\"subtitle\">                    <\/div>\n                    <h1 class=\"s-title text-center mb-23 wow fadeInUp\" data-wow-delay=\"0s\">Ph\u00e1t tri\u1ec3n s\u1ea3n ph\u1ea9m t\u1ed1t h\u01a1n, \ntri\u1ec3n khai nhanh h\u01a1n<\/h1>\n                    <p class=\"text text-center text-type-2 wow fadeInUp\" data-wow-delay=\"0s\">\n                        T\u1eeb \u00fd t\u01b0\u1edfng \u0111\u1ebfn tri\u1ec3n khai, ch\u00fang t\u00f4i thi\u1ebft k\u1ebf m\u00f4 h\u00ecnh v\u00e0 ph\u00e1t tri\u1ec3n c\u00e1c \u1ee9ng d\u1ee5ng \u01b0u ti\u00ean hi\u1ec7u n\u0103ng cao, d\u1ec5 m\u1edf r\u1ed9ng, ph\u00f9 h\u1ee3p v\u1edbi nhu c\u1ea7u doanh nghi\u1ec7p \u2014 d\u1ef1a tr\u00ean c\u00f4ng ngh\u1ec7 hi\u1ec7n \u0111\u1ea1i, ki\u1ebfn tr\u00fac cloud-native v\u00e0 quy tr\u00ecnh Agile\/Scrum                    <\/p>\n                <\/div>\n                                                <div class=\"content-wrap tab-container wow None\" data-wow-delay=\"0s\">\n                    <div class=\"content\">\n                        <img decoding=\"async\" src=\"https:\/\/supo-tech.com\/wp-content\/uploads\/2024\/12\/background-2.png\"\n                            alt=\"\" class=\"lazyload\">\n                        <div class=\"tf-overlay overflow-hidden\">\n                                                        <div class=\"image-item tab-item active\">\n                                <img decoding=\"async\" src=\"https:\/\/supo-tech.com\/wp-content\/uploads\/2026\/01\/register.png\" alt=\"\">\n                            <\/div>\n                                                        <div class=\"image-item tab-item \">\n                                <img decoding=\"async\" src=\"https:\/\/supo-tech.com\/wp-content\/uploads\/2026\/01\/Solutions_Sec1_Img2_Easy-to-Generate-1.png\" alt=\"\">\n                            <\/div>\n                                                        <div class=\"image-item tab-item \">\n                                <img decoding=\"async\" src=\"https:\/\/supo-tech.com\/wp-content\/uploads\/2026\/01\/Solutions_Sec1_Img3_Use-Specific-Tools-1.png\" alt=\"\">\n                            <\/div>\n                                                    <\/div>\n                    <\/div>\n                    <div class=\"bot\">\n                                                <div class=\"btn-item btn-tab-item active\">\n                            <span class=\"bloom\"><\/span>\n                            <span class=\"line\"><\/span>\n                            <div class=\"wrap\">\n                                <p class=\"num\">\/1<\/p>\n                                <p class=\"title\">\u0110\u0103ng k\u00fd nhanh ch\u00f3ng<\/p>\n                                <p class=\"sub\">\n                                    K\u1ebft n\u1ed1i nhi\u1ec1u n\u1ec1n t\u1ea3ng m\u1ea1ng x\u00e3 h\u1ed9i, gi\u1ea3m t\u1ed1i \u0111a th\u1eddi gian t\u1ea1o t\u00e0i kho\u1ea3n.                                <\/p>\n                            <\/div>\n                        <\/div>\n                                                <div class=\"btn-item btn-tab-item \">\n                            <span class=\"bloom\"><\/span>\n                            <span class=\"line\"><\/span>\n                            <div class=\"wrap\">\n                                <p class=\"num\">\/2<\/p>\n                                <p class=\"title\">Giao di\u1ec7n th\u00e2n thi\u1ec7n<\/p>\n                                <p class=\"sub\">\n                                    Thi\u1ebft k\u1ebf tr\u1ef1c quan, d\u1ec5 s\u1eed d\u1ee5ng ngay t\u1eeb l\u1ea7n \u0111\u1ea7u tr\u1ea3i nghi\u1ec7m.                                <\/p>\n                            <\/div>\n                        <\/div>\n                                                <div class=\"btn-item btn-tab-item \">\n                            <span class=\"bloom\"><\/span>\n                            <span class=\"line\"><\/span>\n                            <div class=\"wrap\">\n                                <p class=\"num\">\/3<\/p>\n                                <p class=\"title\">T\u00ednh n\u0103ng \u0111a d\u1ea1ng trong khung chat<\/p>\n                                <p class=\"sub\">\n                                    T\u00edch h\u1ee3p nhi\u1ec1u ti\u1ec7n \u00edch ngay t\u1ea1i m\u00e0n h\u00ecnh chat, thao t\u00e1c nhanh v\u00e0 li\u1ec1n m\u1ea1ch.                                <\/p>\n                            <\/div>\n                        <\/div>\n                                            <\/div>\n                <\/div>\n                            <\/div>\n        <\/div>\n    <\/div>\n<\/section>\n<!-- End How To Use  -->\n\n\n    \t\t\t\t<\/div>\n\t\t\t\t<\/div>\n\t\t\t\t<\/div>\n\t\t<div class=\"elementor-element elementor-element-7eb2cd9 e-con-full e-flex e-con e-parent\" data-id=\"7eb2cd9\" data-element_type=\"container\" data-e-type=\"container\">\n\t\t\t\t<div class=\"elementor-element elementor-element-1459892 elementor-widget elementor-widget-homebuild\" data-id=\"1459892\" data-element_type=\"widget\" data-e-type=\"widget\" data-widget_type=\"homebuild.default\">\n\t\t\t\t<div class=\"elementor-widget-container\">\n\t\t\t\t\t\n<!-- Start Build -->\n<section class=\"s-build tf-spacing-1\">\n    <div class=\"tf-container\">\n        <div class=\"row\">\n                        <div class=\"col-xxl-6\">\n                                <div class=\"s-heading style-2 mb-35\">\n                    <div class=\"s-sub-title\">\n                        <img decoding=\"async\" src=\"https:\/\/wpriverthemes.com\/nexux\/wp-content\/themes\/nexux\/icons\/sub-title-left.svg\" alt=\"subtitle\"><p>UI\/UX Design<\/p><img decoding=\"async\" src=\"https:\/\/wpriverthemes.com\/nexux\/wp-content\/themes\/nexux\/icons\/sub-title-right.svg\" alt=\"subtitle\">                    <\/div>\n                    <h1 class=\"s-title wow fadeInUp\">\n                        Thi\u1ebft k\u1ebf l\u1ea5y ng\u01b0\u1eddi d\u00f9ng l\u00e0m trung t\u00e2m                    <\/h1>\n                    <p class=\"text wow fadeInUp\">\n                        V\u1edbi \u0111\u1ed9i ng\u0169 UI\/UX Designer nhi\u1ec1u n\u0103m kinh nghi\u1ec7m, ch\u00fang t\u00f4i x\u00e2y d\u1ef1ng giao di\u1ec7n tr\u1ef1c quan, l\u1ea5y ng\u01b0\u1eddi d\u00f9ng l\u00e0m trung t\u00e2m, gi\u00fap n\u00e2ng cao tr\u1ea3i nghi\u1ec7m, t\u0103ng m\u1ee9c \u0111\u1ed9 g\u1eafn b\u00f3 v\u00e0 \u0111\u1ed3ng nh\u1ea5t v\u1edbi nh\u1eadn di\u1ec7n th\u01b0\u01a1ng hi\u1ec7u \u2014 tr\u00ean c\u1ea3 web v\u00e0 mobile.                    <\/p>\n                <\/div>\n                                                                 <a                 href=\"https:\/\/supo-tech.com\/vi\/contact\/\" class=\"tf-btn style-3 scale-10   \">\n                    <span class=\"tf-overlay s1\"><\/span>\n                    <span class=\"tf-overlay s2\"><\/span>\n                    <span class=\"btn-text\">\n                        <span> Li\u00ean h\u1ec7 <\/span>\n                        <i class=\"icon-arrow-top-right\"><\/i>                    <\/span>\n                <\/a>\n                                            <\/div>\n                        <div class=\"col-xxl-6\">\n                <div class=\"content\">\n                    <span class=\"bloom item-1\"><\/span>\n                    <span class=\"bloom item-2\"><\/span>\n                    <div class=\"img-item\">\n                        <img decoding=\"async\" src=\"https:\/\/supo-tech.com\/wp-content\/uploads\/2024\/12\/decor.png\" alt=\"\">\n                    <\/div>\n                                        <div class=\"swiper-container slider-build\">\n                        <div class=\"swiper-wrapper\">\n                                                        <div class=\"swiper-slide\">\n                                <div class=\"image s1\">\n                                    <img decoding=\"async\" src=\"https:\/\/supo-tech.com\/wp-content\/uploads\/2026\/01\/Solutions_Sec2_Img1_Flow-First-Design_VN.png\" alt=\"\" class=\"image-scroll\">\n                                <\/div>\n                            <\/div>\n                                                        <div class=\"swiper-slide\">\n                                <div class=\"image None\">\n                                    <img decoding=\"async\" src=\"https:\/\/supo-tech.com\/wp-content\/uploads\/2026\/01\/Solutions_Sec2_Img2_Trust-Driven-Experience_VN.png\" alt=\"\" class=\"image-scroll\">\n                                <\/div>\n                            <\/div>\n                                                        <div class=\"swiper-slide\">\n                                <div class=\"image None\">\n                                    <img decoding=\"async\" src=\"https:\/\/supo-tech.com\/wp-content\/uploads\/2026\/01\/Solutions_Sec2_Img3_Scalable-by-Design_VN.png\" alt=\"\" class=\"image-scroll\">\n                                <\/div>\n                            <\/div>\n                                                    <\/div>\n                        <div class=\"swiper-pagination tf-swiper-pagination slider-build-pagination\"><\/div>\n                    <\/div>\n                                    <\/div>\n            <\/div>\n        <\/div>\n    <\/div>\n    <div class=\"s-img-item item-1\">\n        <img decoding=\"async\" src=\"https:\/\/supo-tech.com\/wp-content\/uploads\/2024\/12\/net-5.png\" alt=\"\">\n    <\/div>\n<\/section>\n<!-- End Build-->\n\n\n    \t\t\t\t<\/div>\n\t\t\t\t<\/div>\n\t\t\t\t<\/div>\n\t\t<div class=\"elementor-element elementor-element-ef0dfdf e-con-full e-flex e-con e-parent\" data-id=\"ef0dfdf\" data-element_type=\"container\" data-e-type=\"container\">\n\t\t\t\t<div class=\"elementor-element elementor-element-91e6c94 elementor-widget elementor-widget-innerpagechangelog\" data-id=\"91e6c94\" data-element_type=\"widget\" data-e-type=\"widget\" data-widget_type=\"innerpagechangelog.default\">\n\t\t\t\t<div class=\"elementor-widget-container\">\n\t\t\t\t\t\n<!-- Section-change-log -->\n<section class=\"s-change-log\">\n    <div class=\"tf-container\">\n        <div class=\"row\">\n            <div class=\"col-xxl-12\">\n                <div class=\"s-heading\">\n                    <span class=\"bloom\"><\/span>\n                    <div class=\"relative z-5\">\n                                                <div class=\"s-sub-title center\">\n                            <img decoding=\"async\" src=\"https:\/\/wpriverthemes.com\/nexux\/wp-content\/themes\/nexux\/icons\/sub-title-left.svg\" alt=\"subtitle\"><p>QA &amp; Testing<\/p><img decoding=\"async\" src=\"https:\/\/wpriverthemes.com\/nexux\/wp-content\/themes\/nexux\/icons\/sub-title-right.svg\" alt=\"subtitle\">                        <\/div>\n                        <h1 class=\"s-title text-center wow fadeInUp\" data-wow-delay=\"0s\">\n                            Ch\u1ea5t l\u01b0\u1ee3ng v\u1eefng v\u00e0ng, <br> t\u1ef1 tin ra m\u1eaft                        <\/h1>\n                        <p class=\"text text-center mb-30 wow fadeInUp\" data-wow-delay=\"0.1s\">\n                            \u0110\u1ed9i ng\u0169 QA c\u1ee7a ch\u00fang t\u00f4i \u0111\u1ea3m b\u1ea3o s\u1ea3n ph\u1ea9m an to\u00e0n, \u1ed5n \u0111\u1ecbnh v\u00e0 h\u1ea1n ch\u1ebf l\u1ed7i th\u00f4ng qua k\u1ebft h\u1ee3p ki\u1ec3m th\u1eed th\u1ee7 c\u00f4ng v\u00e0 t\u1ef1 \u0111\u1ed9ng \u2014 bao ph\u1ee7 xuy\u00ean ch\u1ee9c n\u0103ng, gi\u1ea3m bug rate, ki\u1ec3m hi\u1ec7u n\u0103ng v\u00e0 gia t\u0103ng b\u1ea3o m\u1eadt.                        <\/p>\n                                                                                                                    <\/div>\n                <\/div>\n                <div class=\"content\">\n                                        <div class=\"wow fadeInUp\" data-wow-delay=\"0s\">\n                        <div class=\"wg-update s3\">\n                            <div class=\"tf-overlay overflow-hidden\">\n                                <span class=\"bloom s1\"><\/span>\n                                <span class=\"bloom bloom-circle s2\"><\/span>\n                            <\/div>\n                            <div class=\"image-wrap-border relative z-5\">\n                                <div class=\"image-wrap text-center\">\n                                    <span class=\"eclip-item\"><\/span>\n                                    <div class=\"head\">\n                                        <p class=\"type\">Gi\u1ea3m l\u1ed7i, t\u0103ng ch\u1ea5t l\u01b0\u1ee3ng m\u1ed7i l\u1ea7n release<\/p>\n                                        <p class=\"sub-type\">\n                                            T\u00edch h\u1ee3p quy tr\u00ecnh QA\/QC ngay t\u1eeb s\u1edbm gi\u00fap gi\u1ea3m r\u1ee7i ro v\u00e0o th\u1eddi gian release, h\u1ea1n ch\u1ebf c\u00e1c bug \u1ea9n v\u00e0 gi\u00fap doanh nghi\u1ec7p t\u1ef1 tin h\u01a1n trong m\u1ed7i l\u1ea7n cung c\u1ea5p d\u1ecbch v\u1ee5 t\u1edbi kh\u00e1ch h\u00e0ng                                        <\/p>\n                                    <\/div>\n                                    <div class=\"image relative\">\n                                        <img decoding=\"async\" src=\"https:\/\/supo-tech.com\/wp-content\/uploads\/2026\/01\/rate-1.png\" alt=\"\">\n                                    <\/div>\n                                <\/div>\n                            <\/div>\n\n                            <div class=\"content relative z-5\">\n                                <h6 class=\"version fw-5 color-text-3\">\n                                    Ra m\u1eaft nhanh h\u01a1n, kh\u00f4ng \u0111\u00e1nh \u0111\u1ed5i ch\u1ea5t l\u01b0\u1ee3ng                                <\/h6>\n                                <p class=\"sub-update body-3\">\n                                    Quy tr\u00ecnh ki\u1ec3m th\u1eed tinh g\u1ecdn c\u00f9ng ph\u1ea3n h\u1ed3i li\u00ean t\u1ee5c gi\u00fap \u0111\u1ed9i ng\u0169 t\u0103ng t\u1ed1c ph\u00e1t tri\u1ec3n m\u00e0 v\u1eabn \u0111\u1ea3m b\u1ea3o ch\u1ea5t l\u01b0\u1ee3ng s\u1ea3n ph\u1ea9m v\u00e0 c\u1ee7ng c\u1ed1 ni\u1ec1m tin ng\u01b0\u1eddi d\u00f9ng                                <\/p>\n                                <div class=\"center\">\n                                    <p class=\"sub-heading text-white\">S\u1eeda l\u1ed7i<\/p>\n                                                                        <p class=\"num-ver\">\n                                        <span> V 2.2 <\/span>\n                                    <\/p>\n                                                                    <\/div>\n                                <div class=\"list\">\n                                    <ul class=\"update-list\">\n                                    <li>\n  <div class=\"new-fix tf-btn style-2\">\n    <div class=\"tf-overlay s1\"><\/div>\n    <div class=\"tf-overlay s2\"><\/div>\n    <div class=\"btn-text\">\n      <span> New <\/span>\n    <\/div>\n  <\/div>\n  <p>K\u00edch ho\u1ea1t x\u00e1c th\u1ef1c hai y\u1ebfu t\u1ed1<\/p>\n<\/li>\n<li>\n  <div class=\"new-fix tf-btn style-2\">\n    <div class=\"tf-overlay s1\"><\/div>\n    <div class=\"tf-overlay s2\"><\/div>\n    <div class=\"btn-text\">\n      <span> New <\/span>\n    <\/div>\n  <\/div>\n  <p>Gi\u1edbi thi\u1ec7u h\u1ed7 tr\u1ee3 \u0111a ng\u00f4n ng\u1eef<\/p>\n<\/li>\n<li>\n  <div class=\"new-fix tf-btn style-2\">\n    <div class=\"tf-overlay s1\"><\/div>\n    <div class=\"tf-overlay s2\"><\/div>\n    <div class=\"btn-text\">\n      <span> New <\/span>\n    <\/div>\n  <\/div>\n  <p>C\u1ea3i thi\u1ec7n \u0111\u1ed9 ch\u00ednh x\u00e1c theo d\u00f5i ng\u00e2n s\u00e1ch<\/p>\n<\/li>\n<li>\n  <div class=\"new-fix tf-btn type-2 style-2\">\n    <div class=\"tf-overlay s1\"><\/div>\n    <div class=\"tf-overlay s2\"><\/div>\n    <div class=\"btn-text\">\n      <span> Fixed <\/span>\n    <\/div>\n  <\/div>\n  <p>\n    N\u00e2ng cao giao di\u1ec7n ng\u01b0\u1eddi d\u00f9ng \u0111\u1ec3 c\u1ea3i thi\u1ec7n kh\u1ea3 n\u0103ng s\u1eed d\u1ee5ng\n  <\/p>\n<\/li>\n                                    <\/ul>\n                                <\/div>\n                            <\/div>\n                            <div class=\"item item-1\">\n                                <img decoding=\"async\" src=\"https:\/\/supo-tech.com\/wp-content\/uploads\/2025\/01\/net-2.png\" alt=\"\"\n                                    class=\"lazyload\">\n                            <\/div>\n                        <\/div>\n                    <\/div>\n                                    <\/div>\n            <\/div>\n        <\/div>\n    <\/div>\n<\/section>\n<!-- \/.Section-change-log -->\n\n\n    \t\t\t\t<\/div>\n\t\t\t\t<\/div>\n\t\t\t\t<\/div>\n\t\t<div class=\"elementor-element elementor-element-9cd8122 e-con-full e-flex e-con e-parent\" data-id=\"9cd8122\" data-element_type=\"container\" data-e-type=\"container\">\n\t\t\t\t<div class=\"elementor-element elementor-element-72d84d2 elementor-widget elementor-widget-homeservices\" data-id=\"72d84d2\" data-element_type=\"widget\" data-e-type=\"widget\" data-widget_type=\"homeservices.default\">\n\t\t\t\t<div class=\"elementor-widget-container\">\n\t\t\t\t\t\n<!-- Start Benefit -->\n<section class=\"s-benefit tf-spacing-1\">\n    <span class=\"line type-top default\"><\/span>\n    <div class=\"tf-container\">\n        <div class=\"row\">\n            <div class=\"col-xxl-12\">\n                                <div class=\"s-heading style-2 mb-76\">\n                    <div class=\"s-sub-title justify-center mb-6\">\n                        <img decoding=\"async\" src=\"https:\/\/wpriverthemes.com\/nexux\/wp-content\/themes\/nexux\/icons\/sub-title-left.svg\" alt=\"subtitle\"><p>N\u00e2ng c\u1ea5p h\u1ec7 th\u1ed1ng<\/p><img decoding=\"async\" src=\"https:\/\/wpriverthemes.com\/nexux\/wp-content\/themes\/nexux\/icons\/sub-title-right.svg\" alt=\"subtitle\">                    <\/div>\n                    <h1 class=\"s-title text-center mb-24 wow fadeInUp\">Hi\u1ec7n \u0111\u1ea1i h\u00f3a m\u00e0 kh\u00f4ng gi\u00e1n \u0111o\u1ea1n<\/h1>\n                    <p class=\"text text-center text-type-2 wow fadeInUp\">\n                        Ch\u00fang t\u00f4i gi\u00fap doanh nghi\u1ec7p chuy\u1ec3n \u0111\u1ed5i t\u1eeb c\u00e1c h\u1ec7 th\u1ed1ng c\u0169 sang h\u1ea1 t\u1ea7ng hi\u1ec7n \u0111\u1ea1i, d\u1ec5 m\u1edf r\u1ed9ng \u2014 \u0111\u1ea3m b\u1ea3o th\u1eddi gian gi\u00e1n \u0111o\u1ea1n t\u1ed1i thi\u1ec3u, kh\u00f4ng m\u1ea5t d\u1eef li\u1ec7u v\u00e0 c\u1ea3i thi\u1ec7n hi\u1ec7u n\u0103ng cho giai \u0111o\u1ea1n t\u0103ng tr\u01b0\u1edfng trong t\u01b0\u01a1ng lai.                    <\/p>\n                <\/div>\n                \n                <div class=\"benefit-container\">\n                 \n                                                                                                                    <\/div>\n\n                                <div class=\"benefit-container\">\n                                        <div class=\"card-benefit style-2\">\n                        <div class=\"head\">\n                            <h3 class=\"type wow fadeInUp\" data-wow-delay=\"0s\">\n                                                            <\/h3>\n                            <p class=\"sub-type wow fadeInUp\" data-wow-delay=\"0s\">\n                                                            <\/p>\n                        <\/div>\n                        <div class=\"image wow fadeInUp\" data-wow-delay=\"0s\">\n                            <img decoding=\"async\" src=\"https:\/\/supo-tech.com\/wp-content\/uploads\/2026\/01\/Solutions_Sec5_Img1.png\" alt=\"\">\n                        <\/div>\n                    <\/div>\n                                    <\/div>\n                \n                            <\/div>\n        <\/div>\n    <\/div>\n    <span class=\"bloom s-img-item item-1\"><\/span>\n    <span class=\"bloom s-img-item item-2 style-5\"><\/span>\n<\/section>\n<!-- End Benefit -->\n\n\n    \t\t\t\t<\/div>\n\t\t\t\t<\/div>\n\t\t\t\t<\/div>\n\t\t<div class=\"elementor-element elementor-element-8fc98c7 e-con-full e-flex e-con e-parent\" data-id=\"8fc98c7\" data-element_type=\"container\" data-e-type=\"container\">\n\t\t\t\t<div class=\"elementor-element elementor-element-92518a3 elementor-widget elementor-widget-homecta\" data-id=\"92518a3\" data-element_type=\"widget\" data-e-type=\"widget\" data-widget_type=\"homecta.default\">\n\t\t\t\t<div class=\"elementor-widget-container\">\n\t\t\t\t\t\n<!-- Start Cta-->\n<section class=\"s-cta\">\n    <div class=\"relative z-5\">\n        <div class=\"tf-container\">\n            <div class=\"row\">\n                <div class=\"col-xxl-12\">\n                    <div class=\"s-heading style-2 mb-0\">\n                        <h1 class=\"s-title text-center mb-18 wow fadeInUp\" data-wow-delay=\"0s\">\n                            Mu\u1ed1n tr\u1ea3i nghi\u1ec7m c\u00e1c s\u1ea3n ph\u1ea9m Supo\u24c8 ho\u1ea1t \u0111\u1ed9ng nh\u01b0 th\u1ebf n\u00e0o?                        <\/h1>\n                        <p class=\"text text-center text-type-2 wow fadeInUp\" data-wow-delay=\"0s\">\n                            M\u1ed9t bu\u1ed5i demo s\u1ebd gi\u00fap hi\u1ec3u r\u00f5 h\u01a1n c\u00e1c gi\u1ea3i ph\u00e1p, s\u1ea3n ph\u1ea9m c\u1ee7a Supo\u24c8 b\u00ean c\u1ea1nh \u0111\u00f3 t\u1eadp trung v\u00e0o v\u00e0o nhu c\u1ea7u th\u1ef1c t\u1ebf doanh nghi\u1ec7p c\u1ee7a b\u1ea1n                        <\/p>\n                        <div class=\"flex justify-center wow fadeInUp\" data-wow-delay=\"0s\">\n                                                        <a  href=\"https:\/\/supo-tech.com\/vi\/contact\/\" class=\"tf-btn style-5\">\n                                <div class=\"btn-text\">\n                                    <span> Li\u00ean h\u1ec7 <\/span>\n                                <\/div>\n                            <\/a>\n                                                    <\/div>\n                    <\/div>\n                <\/div>\n            <\/div>\n        <\/div>\n    <\/div>\n\n    <span class=\"s-img-item bloom style-6 item-1\"><\/span>\n    <span class=\"s-img-item bloom item-2\"><\/span>\n    <div class=\"tf-overlay overflow-hidden\">\n        <span class=\"s-img-item bottom item-3\">\n            <img decoding=\"async\" src=\"https:\/\/supo-tech.com\/wp-content\/uploads\/2024\/12\/net-4.png\" alt=\"\">\n        <\/span>\n        <span class=\"s-img-item bottom item-4\">\n            <span class=\"eclip-1\"><\/span>\n            <span class=\"eclip-2\"><\/span>\n        <\/span>\n    <\/div>\n        <span class=\"line\"><\/span>\n    <\/section>\n<!-- End Cta -->\n\n\n    \t\t\t\t<\/div>\n\t\t\t\t<\/div>\n\t\t\t\t<\/div>\n\t\t\t\t<\/div>\n\t\t","protected":false},"excerpt":{"rendered":"<p>X\u00e2y d\u1ef1ng \u1ee9ng d\u1ee5ng Ph\u00e1t tri\u1ec3n s\u1ea3n ph\u1ea9m t\u1ed1t h\u01a1n, tri\u1ec3n khai nhanh h\u01a1n T\u1eeb \u00fd t\u01b0\u1edfng \u0111\u1ebfn tri\u1ec3n khai, ch\u00fang t\u00f4i thi\u1ebft k\u1ebf m\u00f4 h\u00ecnh v\u00e0 ph\u00e1t tri\u1ec3n c\u00e1c \u1ee9ng d\u1ee5ng \u01b0u ti\u00ean hi\u1ec7u n\u0103ng cao, d\u1ec5 m\u1edf r\u1ed9ng, ph\u00f9 h\u1ee3p v\u1edbi nhu c\u1ea7u doanh nghi\u1ec7p \u2014 d\u1ef1a tr\u00ean c\u00f4ng ngh\u1ec7 hi\u1ec7n \u0111\u1ea1i, ki\u1ebfn [&hellip;]<\/p>\n","protected":false},"author":1,"featured_media":0,"parent":0,"menu_order":0,"comment_status":"closed","ping_status":"closed","template":"page-templates\/home.php","meta":{"footnotes":""},"class_list":["post-5157","page","type-page","status-publish","hentry"],"_links":{"self":[{"href":"https:\/\/supo-tech.com\/vi\/wp-json\/wp\/v2\/pages\/5157","targetHints":{"allow":["GET"]}}],"collection":[{"href":"https:\/\/supo-tech.com\/vi\/wp-json\/wp\/v2\/pages"}],"about":[{"href":"https:\/\/supo-tech.com\/vi\/wp-json\/wp\/v2\/types\/page"}],"author":[{"embeddable":true,"href":"https:\/\/supo-tech.com\/vi\/wp-json\/wp\/v2\/users\/1"}],"replies":[{"embeddable":true,"href":"https:\/\/supo-tech.com\/vi\/wp-json\/wp\/v2\/comments?post=5157"}],"version-history":[{"count":0,"href":"https:\/\/supo-tech.com\/vi\/wp-json\/wp\/v2\/pages\/5157\/revisions"}],"wp:attachment":[{"href":"https:\/\/supo-tech.com\/vi\/wp-json\/wp\/v2\/media?parent=5157"}],"curies":[{"name":"wp","href":"https:\/\/api.w.org\/{rel}","templated":true}]}}